{"id":75,"date":"2026-01-22T01:23:21","date_gmt":"2026-01-22T01:23:21","guid":{"rendered":"https:\/\/tiemtrachugacon.click\/?post_type=product&#038;p=75"},"modified":"2026-02-26T14:51:32","modified_gmt":"2026-02-26T14:51:32","slug":"hong-tra-chanh-leo","status":"publish","type":"product","link":"https:\/\/tiemtrachugacon.click\/?product=hong-tra-chanh-leo","title":{"rendered":"H\u1ed2NG TR\u00c0 CHANH LEO"},"content":{"rendered":"<article class=\"text-token-text-primary w-full focus:outline-none [--shadow-height:45px] has-data-writing-block:pointer-events-none has-data-writing-block:-mt-(--shadow-height) has-data-writing-block:pt-(--shadow-height) [&amp;:has([data-writing-block])&gt;*]:pointer-events-auto scroll-mt-(--header-height)\" dir=\"auto\" tabindex=\"-1\" data-turn-id=\"8c9a51b5-1699-49e3-ad44-bb73eeb8a3ff\" data-testid=\"conversation-turn-1\" data-scroll-anchor=\"false\" data-turn=\"user\"><\/article>\n<article class=\"text-token-text-primary w-full focus:outline-none [--shadow-height:45px] has-data-writing-block:pointer-events-none has-data-writing-block:-mt-(--shadow-height) has-data-writing-block:pt-(--shadow-height) [&amp;:has([data-writing-block])&gt;*]:pointer-events-auto scroll-mt-[calc(var(--header-height)+min(200px,max(70px,20svh)))]\" dir=\"auto\" tabindex=\"-1\" data-turn-id=\"request-WEB:a7a5744c-2df1-4020-b812-cfa3e38fa423-0\" data-testid=\"conversation-turn-2\" data-scroll-anchor=\"true\" data-turn=\"assistant\">\n<div class=\"text-base my-auto mx-auto pb-10 [--thread-content-margin:--spacing(4)] @w-sm\/main:[--thread-content-margin:--spacing(6)] @w-lg\/main:[--thread-content-margin:--spacing(16)] px-(--thread-content-margin)\">\n<div class=\"[--thread-content-max-width:40rem] @w-lg\/main:[--thread-content-max-width:48rem] mx-auto max-w-(--thread-content-max-width) flex-1 group\/turn-messages focus-visible:outline-hidden relative flex w-full min-w-0 flex-col agent-turn\" tabindex=\"-1\">\n<div class=\"flex max-w-full flex-col grow\">\n<div class=\"min-h-8 text-message relative flex w-full flex-col items-end gap-2 text-start break-words whitespace-normal [.text-message+&amp;]:mt-1\" dir=\"auto\" data-message-author-role=\"assistant\" data-message-id=\"b1ce73e2-fbcc-44e7-ba26-ac70c1178d05\" data-message-model-slug=\"gpt-5-2\">\n<div class=\"flex w-full flex-col gap-1 empty:hidden first:pt-[1px]\">\n<div class=\"markdown prose dark:prose-invert w-full wrap-break-word light markdown-new-styling\">\n<div class=\"flex max-w-full flex-col grow\">\n<div class=\"min-h-8 text-message relative flex w-full flex-col items-end gap-2 text-start break-words whitespace-normal [.text-message+&amp;]:mt-1\" dir=\"auto\" data-message-author-role=\"assistant\" data-message-id=\"fad2916f-cb73-45cc-a8c2-508bac68ba1c\" data-message-model-slug=\"gpt-5-2\">\n<div class=\"flex w-full flex-col gap-1 empty:hidden first:pt-[1px]\">\n<div class=\"markdown prose dark:prose-invert w-full wrap-break-word light markdown-new-styling\">\n<article class=\"text-token-text-primary w-full focus:outline-none [--shadow-height:45px] has-data-writing-block:pointer-events-none has-data-writing-block:-mt-(--shadow-height) has-data-writing-block:pt-(--shadow-height) [&amp;:has([data-writing-block])&gt;*]:pointer-events-auto scroll-mt-(--header-height)\" dir=\"auto\" tabindex=\"-1\" data-turn-id=\"6a4aa921-d1d0-4a7c-afe7-e1533a0934fe\" data-testid=\"conversation-turn-5\" data-scroll-anchor=\"false\" data-turn=\"user\"><\/article>\n<article class=\"text-token-text-primary w-full focus:outline-none [--shadow-height:45px] has-data-writing-block:pointer-events-none has-data-writing-block:-mt-(--shadow-height) has-data-writing-block:pt-(--shadow-height) [&amp;:has([data-writing-block])&gt;*]:pointer-events-auto scroll-mt-[calc(var(--header-height)+min(200px,max(70px,20svh)))]\" dir=\"auto\" tabindex=\"-1\" data-turn-id=\"request-WEB:a7a5744c-2df1-4020-b812-cfa3e38fa423-2\" data-testid=\"conversation-turn-6\" data-scroll-anchor=\"true\" data-turn=\"assistant\">\n<div class=\"text-base my-auto mx-auto pb-10 [--thread-content-margin:--spacing(4)] @w-sm\/main:[--thread-content-margin:--spacing(6)] @w-lg\/main:[--thread-content-margin:--spacing(16)] px-(--thread-content-margin)\">\n<div class=\"[--thread-content-max-width:40rem] @w-lg\/main:[--thread-content-max-width:48rem] mx-auto max-w-(--thread-content-max-width) flex-1 group\/turn-messages focus-visible:outline-hidden relative flex w-full min-w-0 flex-col agent-turn\" tabindex=\"-1\">\n<div class=\"flex max-w-full flex-col grow\">\n<div class=\"min-h-8 text-message relative flex w-full flex-col items-end gap-2 text-start break-words whitespace-normal [.text-message+&amp;]:mt-1\" dir=\"auto\" data-message-author-role=\"assistant\" data-message-id=\"0f076af4-5c26-40fa-8715-95c5bdaa2444\" data-message-model-slug=\"gpt-5-2\">\n<div class=\"flex w-full flex-col gap-1 empty:hidden first:pt-[1px]\">\n<div class=\"markdown prose dark:prose-invert w-full wrap-break-word light markdown-new-styling\">\n<h1 data-start=\"156\" data-end=\"224\">H\u1ed3ng Tr\u00e0 Chanh Leo \u2013 Th\u1ee9c U\u1ed1ng Gi\u1ea3i Nhi\u1ec7t Chua Ng\u1ecdt \u0110\u01b0\u1ee3c Y\u00eau Th\u00edch<\/h1>\n<p data-start=\"226\" data-end=\"564\"><strong data-start=\"226\" data-end=\"248\">H\u1ed3ng tr\u00e0 chanh leo<\/strong> l\u00e0 th\u1ee9c u\u1ed1ng k\u1ebft h\u1ee3p ho\u00e0n h\u1ea3o gi\u1eefa h\u1ed3ng tr\u00e0 \u0111\u1eadm v\u1ecb v\u00e0 chanh leo t\u01b0\u01a1i chua ng\u1ecdt, mang \u0111\u1ebfn c\u1ea3m gi\u00e1c thanh m\u00e1t, d\u1ec5 u\u1ed1ng v\u00e0 c\u1ef1c k\u1ef3 s\u1ea3ng kho\u00e1i. V\u1edbi h\u01b0\u01a1ng v\u1ecb tr\u00e1i c\u00e2y t\u1ef1 nhi\u00ean h\u00f2a quy\u1ec7n c\u00f9ng n\u1ec1n tr\u00e0 truy\u1ec1n th\u1ed1ng, \u0111\u00e2y l\u00e0 l\u1ef1a ch\u1ecdn gi\u1ea3i nhi\u1ec7t \u0111\u01b0\u1ee3c nhi\u1ec1u ng\u01b0\u1eddi y\u00eau th\u00edch trong nh\u1eefng ng\u00e0y n\u00f3ng ho\u1eb7c khi c\u1ea7n n\u1ea1p l\u1ea1i n\u0103ng l\u01b0\u1ee3ng.<\/p>\n<h2 data-start=\"566\" data-end=\"594\">H\u1ed3ng Tr\u00e0 Chanh Leo L\u00e0 G\u00ec?<\/h2>\n<p data-start=\"596\" data-end=\"876\">H\u1ed3ng tr\u00e0 chanh leo l\u00e0 \u0111\u1ed3 u\u1ed1ng pha ch\u1ebf t\u1eeb <strong data-start=\"637\" data-end=\"659\">tr\u00e0 \u0111en (h\u1ed3ng tr\u00e0)<\/strong> \u1ee7 \u0111\u1eadm v\u1ecb, k\u1ebft h\u1ee3p c\u00f9ng <strong data-start=\"683\" data-end=\"710\">n\u01b0\u1edbc c\u1ed1t chanh leo t\u01b0\u01a1i<\/strong>, \u0111\u01b0\u1eddng v\u00e0 \u0111\u00e1 l\u1ea1nh. Th\u1ee9c u\u1ed1ng c\u00f3 v\u1ecb chua thanh \u0111\u1eb7c tr\u01b0ng c\u1ee7a chanh leo, c\u00e2n b\u1eb1ng v\u1edbi h\u1eadu tr\u00e0 ng\u1ecdt d\u1ecbu, t\u1ea1o n\u00ean t\u1ed5ng th\u1ec3 h\u00e0i h\u00f2a, d\u1ec5 u\u1ed1ng v\u00e0 ph\u00f9 h\u1ee3p v\u1edbi nhi\u1ec1u kh\u1ea9u v\u1ecb.<\/p>\n<h2 data-start=\"878\" data-end=\"924\">H\u01b0\u01a1ng V\u1ecb H\u1ed3ng Tr\u00e0 Chanh Leo C\u00f3 G\u00ec \u0110\u1eb7c Bi\u1ec7t?<\/h2>\n<p data-start=\"926\" data-end=\"999\">\u0110i\u1ec3m h\u1ea5p d\u1eabn c\u1ee7a h\u1ed3ng tr\u00e0 chanh leo n\u1eb1m \u1edf s\u1ef1 chuy\u1ec3n t\u1ea7ng h\u01b0\u01a1ng v\u1ecb r\u00f5 r\u1ec7t:<\/p>\n<ul data-start=\"1001\" data-end=\"1157\">\n<li data-start=\"1001\" data-end=\"1045\">\n<p data-start=\"1003\" data-end=\"1045\">H\u01b0\u01a1ng th\u01a1m tr\u00e0 nh\u1eb9 nh\u00e0ng khi \u0111\u01b0a l\u00ean m\u0169i<\/p>\n<\/li>\n<li data-start=\"1046\" data-end=\"1099\">\n<p data-start=\"1048\" data-end=\"1099\">V\u1ecb chua thanh m\u00e1t c\u1ee7a chanh leo \u0111\u00e1nh th\u1ee9c v\u1ecb gi\u00e1c<\/p>\n<\/li>\n<li data-start=\"1100\" data-end=\"1157\">\n<p data-start=\"1102\" data-end=\"1157\">H\u1eadu ng\u1ecdt d\u1ecbu v\u00e0 s\u00e2u c\u1ee7a h\u1ed3ng tr\u00e0 l\u01b0u l\u1ea1i sau khi u\u1ed1ng<\/p>\n<\/li>\n<\/ul>\n<p data-start=\"1159\" data-end=\"1297\">Ch\u00ednh s\u1ef1 c\u00e2n b\u1eb1ng n\u00e0y khi\u1ebfn h\u1ed3ng tr\u00e0 chanh leo tr\u1edf th\u00e0nh th\u1ee9c u\u1ed1ng <strong data-start=\"1226\" data-end=\"1260\">kh\u00f4ng qu\u00e1 ng\u1ecdt, kh\u00f4ng qu\u00e1 chua<\/strong>, d\u1ec5 u\u1ed1ng m\u1ed7i ng\u00e0y m\u00e0 kh\u00f4ng g\u00e2y ng\u1ea5y.<\/p>\n<h2 data-start=\"1299\" data-end=\"1341\">L\u00fd Do H\u1ed3ng Tr\u00e0 Chanh Leo \u0110\u01b0\u1ee3c Y\u00eau Th\u00edch<\/h2>\n<p data-start=\"1343\" data-end=\"1484\"><strong data-start=\"1343\" data-end=\"1380\">1. Gi\u1ea3i nhi\u1ec7t v\u00e0 s\u1ea3ng kho\u00e1i nhanh<\/strong><br data-start=\"1380\" data-end=\"1383\" \/>Chanh leo c\u00f3 v\u1ecb chua t\u1ef1 nhi\u00ean gi\u00fap gi\u1ea3m kh\u00e1t hi\u1ec7u qu\u1ea3, k\u1ebft h\u1ee3p \u0111\u00e1 l\u1ea1nh t\u1ea1o c\u1ea3m gi\u00e1c m\u00e1t l\u1ea1nh t\u1ee9c th\u00ec.<\/p>\n<p data-start=\"1486\" data-end=\"1625\"><strong data-start=\"1486\" data-end=\"1528\">2. H\u01b0\u01a1ng v\u1ecb tr\u00e1i c\u00e2y t\u1ef1 nhi\u00ean, d\u1ec5 u\u1ed1ng<\/strong><br data-start=\"1528\" data-end=\"1531\" \/>Kh\u00f4ng g\u1eaft nh\u01b0 tr\u00e0 \u0111\u1eadm, kh\u00f4ng ng\u1ecdt g\u1eaft nh\u01b0 n\u01b0\u1edbc tr\u00e1i c\u00e2y, h\u1ed3ng tr\u00e0 chanh leo c\u00e2n b\u1eb1ng ho\u00e0n h\u1ea3o.<\/p>\n<p data-start=\"1627\" data-end=\"1659\"><strong data-start=\"1627\" data-end=\"1657\">3. Ph\u00f9 h\u1ee3p nhi\u1ec1u th\u1eddi \u0111i\u1ec3m<\/strong><\/p>\n<ul data-start=\"1660\" data-end=\"1750\">\n<li data-start=\"1660\" data-end=\"1693\">\n<p data-start=\"1662\" data-end=\"1693\">Bu\u1ed5i s\u00e1ng: t\u1ec9nh t\u00e1o nh\u1eb9 nh\u00e0ng<\/p>\n<\/li>\n<li data-start=\"1694\" data-end=\"1719\">\n<p data-start=\"1696\" data-end=\"1719\">Bu\u1ed5i tr\u01b0a: gi\u1ea3i nhi\u1ec7t<\/p>\n<\/li>\n<li data-start=\"1720\" data-end=\"1750\">\n<p data-start=\"1722\" data-end=\"1750\">Bu\u1ed5i chi\u1ec1u: n\u1ea1p n\u0103ng l\u01b0\u1ee3ng<\/p>\n<\/li>\n<\/ul>\n<p data-start=\"1752\" data-end=\"1892\"><strong data-start=\"1752\" data-end=\"1783\">4. M\u00e0u s\u1eafc b\u1eaft m\u1eaft, h\u1ea5p d\u1eabn<\/strong><br data-start=\"1783\" data-end=\"1786\" \/>S\u1eafc h\u1ed5 ph\u00e1ch c\u1ee7a tr\u00e0 h\u00f2a c\u00f9ng v\u00e0ng cam chanh leo t\u1ea1o n\u00ean ly n\u01b0\u1edbc t\u01b0\u01a1i s\u00e1ng, n\u1ed5i b\u1eadt v\u00e0 \u201cr\u1ea5t h\u1ee3p ch\u1ee5p \u1ea3nh\u201d.<\/p>\n<h2 data-start=\"1894\" data-end=\"1942\">C\u00e1ch Th\u01b0\u1edfng Th\u1ee9c H\u1ed3ng Tr\u00e0 Chanh Leo Ngon Nh\u1ea5t<\/h2>\n<p data-start=\"1944\" data-end=\"1996\">\u0110\u1ec3 th\u01b0\u1edfng th\u1ee9c tr\u1ecdn v\u1eb9n h\u01b0\u01a1ng v\u1ecb h\u1ed3ng tr\u00e0 chanh leo:<\/p>\n<ul data-start=\"1998\" data-end=\"2159\">\n<li data-start=\"1998\" data-end=\"2024\">\n<p data-start=\"2000\" data-end=\"2024\">U\u1ed1ng l\u1ea1nh c\u00f9ng \u0111\u00e1 vi\u00ean<\/p>\n<\/li>\n<li data-start=\"2025\" data-end=\"2077\">\n<p data-start=\"2027\" data-end=\"2077\">Th\u00eam h\u1ea1t chanh leo t\u01b0\u01a1i \u0111\u1ec3 t\u0103ng k\u1ebft c\u1ea5u gi\u00f2n nh\u1eb9<\/p>\n<\/li>\n<li data-start=\"2078\" data-end=\"2123\">\n<p data-start=\"2080\" data-end=\"2123\">C\u00f3 th\u1ec3 trang tr\u00ed l\u00e1t chanh ho\u1eb7c l\u00e1 b\u1ea1c h\u00e0<\/p>\n<\/li>\n<li data-start=\"2124\" data-end=\"2159\">\n<p data-start=\"2126\" data-end=\"2159\">\u0110i\u1ec1u ch\u1ec9nh \u0111\u1ed9 ng\u1ecdt theo kh\u1ea9u v\u1ecb<\/p>\n<\/li>\n<\/ul>\n<p data-start=\"2161\" data-end=\"2279\">Khi nh\u1ea5p m\u1ed9t ng\u1ee5m, b\u1ea1n s\u1ebd c\u1ea3m nh\u1eadn r\u00f5 v\u1ecb tr\u00e0 s\u00e2u l\u1eafng h\u00f2a c\u00f9ng tr\u00e1i c\u00e2y nhi\u1ec7t \u0111\u1edbi t\u01b0\u01a1i m\u00e1t \u2013 v\u1eeba \u0111\u00e3 kh\u00e1t v\u1eeba th\u01b0 gi\u00e3n.<\/p>\n<h2 data-start=\"2281\" data-end=\"2319\">V\u00ec Sao N\u00ean Ch\u1ecdn H\u1ed3ng Tr\u00e0 Chanh Leo?<\/h2>\n<p data-start=\"2321\" data-end=\"2371\">H\u1ed3ng tr\u00e0 chanh leo l\u00e0 l\u1ef1a ch\u1ecdn l\u00fd t\u01b0\u1edfng cho ng\u01b0\u1eddi:<\/p>\n<ul data-start=\"2373\" data-end=\"2520\">\n<li data-start=\"2373\" data-end=\"2420\">\n<p data-start=\"2375\" data-end=\"2420\">Th\u00edch \u0111\u1ed3 u\u1ed1ng tr\u00e1i c\u00e2y nh\u01b0ng kh\u00f4ng qu\u00e1 ng\u1ecdt<\/p>\n<\/li>\n<li data-start=\"2421\" data-end=\"2449\">\n<p data-start=\"2423\" data-end=\"2449\">Mu\u1ed1n gi\u1ea3i nhi\u1ec7t t\u1ef1 nhi\u00ean<\/p>\n<\/li>\n<li data-start=\"2450\" data-end=\"2484\">\n<p data-start=\"2452\" data-end=\"2484\">C\u1ea7n th\u1ee9c u\u1ed1ng d\u1ec5 u\u1ed1ng m\u1ed7i ng\u00e0y<\/p>\n<\/li>\n<li data-start=\"2485\" data-end=\"2520\">\n<p data-start=\"2487\" data-end=\"2520\">Y\u00eau th\u00edch tr\u00e0 tr\u00e1i c\u00e2y t\u01b0\u01a1i m\u00e1t<\/p>\n<\/li>\n<\/ul>\n<p data-start=\"2522\" data-end=\"2665\">\u0110\u00e2y c\u0169ng l\u00e0 m\u1ed9t trong nh\u1eefng m\u00f3n tr\u00e0 tr\u00e1i c\u00e2y ph\u1ed5 bi\u1ebfn trong menu qu\u00e1n n\u01b0\u1edbc, qu\u00e1n tr\u00e0 s\u1eefa v\u00e0 c\u00e0 ph\u00ea nh\u1edd t\u00ednh d\u1ec5 u\u1ed1ng v\u00e0 ph\u00f9 h\u1ee3p nhi\u1ec1u \u0111\u1ed1i t\u01b0\u1ee3ng.<\/p>\n<hr data-start=\"2667\" data-end=\"2670\" \/>\n<p data-start=\"2672\" data-end=\"2778\"><strong data-start=\"2672\" data-end=\"2776\">H\u1ed3ng tr\u00e0 chanh leo \u2013 chua thanh \u0111\u00e1nh th\u1ee9c v\u1ecb gi\u00e1c, ng\u1ecdt d\u1ecbu l\u01b0u luy\u1ebfn, m\u00e1t l\u1ea1nh s\u1ea3ng kho\u00e1i m\u1ed7i ng\u00e0y.<\/strong><\/p>\n<\/div>\n<\/div>\n<\/div>\n<\/div>\n<\/div>\n<\/div>\n<\/article>\n<\/div>\n<\/div>\n<\/div>\n<\/div>\n<div class=\"z-0 flex min-h-[46px] justify-start\"><\/div>\n<\/div>\n<\/div>\n<\/div>\n<\/div>\n<\/div>\n<\/div>\n<\/article>\n","protected":false},"excerpt":{"rendered":"<p><em><strong>H\u1ed3ng tr\u00e0 k\u1ebft h\u1ee3p v\u1edbi chanh d\u00e2y , h\u01b0\u01a1ng v\u1ecb chua ng\u1ecdt h\u00f2a huy\u1ec7n<\/strong><\/em><\/p>\n","protected":false},"featured_media":79,"comment_status":"open","ping_status":"closed","template":"","meta":[],"product_brand":[],"product_cat":[17],"product_tag":[18],"class_list":{"0":"post-75","1":"product","2":"type-product","3":"status-publish","4":"has-post-thumbnail","6":"product_cat-tra-trai-cay","7":"product_tag-hongtrachanhleo","9":"first","10":"instock","11":"shipping-taxable","12":"purchasable","13":"product-type-simple"},"yoast_head":"<!-- This site is optimized with the Yoast SEO plugin v27.3 - https:\/\/yoast.com\/product\/yoast-seo-wordpress\/ -->\n<title>H\u1ed2NG TR\u00c0 CHANH LEO - Ti\u1ec7m Tr\u00e0 Ch\u00fa g\u00e0 Con<\/title>\n<meta name=\"description\" content=\"ttc\" \/>\n<meta name=\"robots\" content=\"index, follow, max-snippet:-1, max-image-preview:large, max-video-preview:-1\" \/>\n<link rel=\"canonical\" href=\"https:\/\/tiemtrachugacon.click\/?product=hong-tra-chanh-leo\" \/>\n<meta property=\"og:locale\" content=\"vi_VN\" \/>\n<meta property=\"og:type\" content=\"article\" \/>\n<meta property=\"og:title\" content=\"H\u1ed2NG TR\u00c0 CHANH LEO - Ti\u1ec7m Tr\u00e0 Ch\u00fa g\u00e0 Con\" \/>\n<meta property=\"og:description\" content=\"ttc\" \/>\n<meta property=\"og:url\" content=\"https:\/\/tiemtrachugacon.click\/?product=hong-tra-chanh-leo\" \/>\n<meta property=\"og:site_name\" content=\"Ti\u1ec7m Tr\u00e0 Ch\u00fa g\u00e0 Con\" \/>\n<meta property=\"article:modified_time\" content=\"2026-02-26T14:51:32+00:00\" \/>\n<meta property=\"og:image\" content=\"https:\/\/tiemtrachugacon.click\/wp-content\/uploads\/2026\/01\/unnamed-3.jpg\" \/>\n\t<meta property=\"og:image:width\" content=\"1024\" \/>\n\t<meta property=\"og:image:height\" content=\"1024\" \/>\n\t<meta property=\"og:image:type\" content=\"image\/jpeg\" \/>\n<meta name=\"twitter:card\" content=\"summary_large_image\" \/>\n<meta name=\"twitter:label1\" content=\"\u01af\u1edbc t\u00ednh th\u1eddi gian \u0111\u1ecdc\" \/>\n\t<meta name=\"twitter:data1\" content=\"4 ph\u00fat\" \/>\n<script type=\"application\/ld+json\" class=\"yoast-schema-graph\">{\"@context\":\"https:\\\/\\\/schema.org\",\"@graph\":[{\"@type\":\"WebPage\",\"@id\":\"https:\\\/\\\/tiemtrachugacon.click\\\/?product=hong-tra-chanh-leo\",\"url\":\"https:\\\/\\\/tiemtrachugacon.click\\\/?product=hong-tra-chanh-leo\",\"name\":\"H\u1ed2NG TR\u00c0 CHANH LEO - Ti\u1ec7m Tr\u00e0 Ch\u00fa g\u00e0 Con\",\"isPartOf\":{\"@id\":\"https:\\\/\\\/tiemtrachugacon.click\\\/#website\"},\"primaryImageOfPage\":{\"@id\":\"https:\\\/\\\/tiemtrachugacon.click\\\/?product=hong-tra-chanh-leo#primaryimage\"},\"image\":{\"@id\":\"https:\\\/\\\/tiemtrachugacon.click\\\/?product=hong-tra-chanh-leo#primaryimage\"},\"thumbnailUrl\":\"https:\\\/\\\/tiemtrachugacon.click\\\/wp-content\\\/uploads\\\/2026\\\/01\\\/unnamed-3.jpg\",\"datePublished\":\"2026-01-22T01:23:21+00:00\",\"dateModified\":\"2026-02-26T14:51:32+00:00\",\"description\":\"ttc\",\"breadcrumb\":{\"@id\":\"https:\\\/\\\/tiemtrachugacon.click\\\/?product=hong-tra-chanh-leo#breadcrumb\"},\"inLanguage\":\"vi\",\"potentialAction\":[{\"@type\":\"ReadAction\",\"target\":[\"https:\\\/\\\/tiemtrachugacon.click\\\/?product=hong-tra-chanh-leo\"]}]},{\"@type\":\"ImageObject\",\"inLanguage\":\"vi\",\"@id\":\"https:\\\/\\\/tiemtrachugacon.click\\\/?product=hong-tra-chanh-leo#primaryimage\",\"url\":\"https:\\\/\\\/tiemtrachugacon.click\\\/wp-content\\\/uploads\\\/2026\\\/01\\\/unnamed-3.jpg\",\"contentUrl\":\"https:\\\/\\\/tiemtrachugacon.click\\\/wp-content\\\/uploads\\\/2026\\\/01\\\/unnamed-3.jpg\",\"width\":1024,\"height\":1024},{\"@type\":\"BreadcrumbList\",\"@id\":\"https:\\\/\\\/tiemtrachugacon.click\\\/?product=hong-tra-chanh-leo#breadcrumb\",\"itemListElement\":[{\"@type\":\"ListItem\",\"position\":1,\"name\":\"Home\",\"item\":\"https:\\\/\\\/tiemtrachugacon.click\\\/\"},{\"@type\":\"ListItem\",\"position\":2,\"name\":\"Sample Page\",\"item\":\"https:\\\/\\\/tiemtrachugacon.click\\\/?page_id=2\"},{\"@type\":\"ListItem\",\"position\":3,\"name\":\"H\u1ed2NG TR\u00c0 CHANH LEO\"}]},{\"@type\":\"WebSite\",\"@id\":\"https:\\\/\\\/tiemtrachugacon.click\\\/#website\",\"url\":\"https:\\\/\\\/tiemtrachugacon.click\\\/\",\"name\":\"Ti\u1ec7m Tr\u00e0 Ch\u00fa g\u00e0 Con\",\"description\":\"tr\u00e0 tr\u00e1i c\u00e2y\",\"publisher\":{\"@id\":\"https:\\\/\\\/tiemtrachugacon.click\\\/#organization\"},\"potentialAction\":[{\"@type\":\"SearchAction\",\"target\":{\"@type\":\"EntryPoint\",\"urlTemplate\":\"https:\\\/\\\/tiemtrachugacon.click\\\/?s={search_term_string}\"},\"query-input\":{\"@type\":\"PropertyValueSpecification\",\"valueRequired\":true,\"valueName\":\"search_term_string\"}}],\"inLanguage\":\"vi\"},{\"@type\":\"Organization\",\"@id\":\"https:\\\/\\\/tiemtrachugacon.click\\\/#organization\",\"name\":\"Ti\u1ec7m Tr\u00e0 Ch\u00fa g\u00e0 Con\",\"url\":\"https:\\\/\\\/tiemtrachugacon.click\\\/\",\"logo\":{\"@type\":\"ImageObject\",\"inLanguage\":\"vi\",\"@id\":\"https:\\\/\\\/tiemtrachugacon.click\\\/#\\\/schema\\\/logo\\\/image\\\/\",\"url\":\"https:\\\/\\\/tiemtrachugacon.click\\\/wp-content\\\/uploads\\\/2026\\\/01\\\/image-3.png\",\"contentUrl\":\"https:\\\/\\\/tiemtrachugacon.click\\\/wp-content\\\/uploads\\\/2026\\\/01\\\/image-3.png\",\"width\":626,\"height\":621,\"caption\":\"Ti\u1ec7m Tr\u00e0 Ch\u00fa g\u00e0 Con\"},\"image\":{\"@id\":\"https:\\\/\\\/tiemtrachugacon.click\\\/#\\\/schema\\\/logo\\\/image\\\/\"}}]}<\/script>\n<!-- \/ Yoast SEO plugin. -->","yoast_head_json":{"title":"H\u1ed2NG TR\u00c0 CHANH LEO - Ti\u1ec7m Tr\u00e0 Ch\u00fa g\u00e0 Con","description":"ttc","robots":{"index":"index","follow":"follow","max-snippet":"max-snippet:-1","max-image-preview":"max-image-preview:large","max-video-preview":"max-video-preview:-1"},"canonical":"https:\/\/tiemtrachugacon.click\/?product=hong-tra-chanh-leo","og_locale":"vi_VN","og_type":"article","og_title":"H\u1ed2NG TR\u00c0 CHANH LEO - Ti\u1ec7m Tr\u00e0 Ch\u00fa g\u00e0 Con","og_description":"ttc","og_url":"https:\/\/tiemtrachugacon.click\/?product=hong-tra-chanh-leo","og_site_name":"Ti\u1ec7m Tr\u00e0 Ch\u00fa g\u00e0 Con","article_modified_time":"2026-02-26T14:51:32+00:00","og_image":[{"width":1024,"height":1024,"url":"https:\/\/tiemtrachugacon.click\/wp-content\/uploads\/2026\/01\/unnamed-3.jpg","type":"image\/jpeg"}],"twitter_card":"summary_large_image","twitter_misc":{"\u01af\u1edbc t\u00ednh th\u1eddi gian \u0111\u1ecdc":"4 ph\u00fat"},"schema":{"@context":"https:\/\/schema.org","@graph":[{"@type":"WebPage","@id":"https:\/\/tiemtrachugacon.click\/?product=hong-tra-chanh-leo","url":"https:\/\/tiemtrachugacon.click\/?product=hong-tra-chanh-leo","name":"H\u1ed2NG TR\u00c0 CHANH LEO - Ti\u1ec7m Tr\u00e0 Ch\u00fa g\u00e0 Con","isPartOf":{"@id":"https:\/\/tiemtrachugacon.click\/#website"},"primaryImageOfPage":{"@id":"https:\/\/tiemtrachugacon.click\/?product=hong-tra-chanh-leo#primaryimage"},"image":{"@id":"https:\/\/tiemtrachugacon.click\/?product=hong-tra-chanh-leo#primaryimage"},"thumbnailUrl":"https:\/\/tiemtrachugacon.click\/wp-content\/uploads\/2026\/01\/unnamed-3.jpg","datePublished":"2026-01-22T01:23:21+00:00","dateModified":"2026-02-26T14:51:32+00:00","description":"ttc","breadcrumb":{"@id":"https:\/\/tiemtrachugacon.click\/?product=hong-tra-chanh-leo#breadcrumb"},"inLanguage":"vi","potentialAction":[{"@type":"ReadAction","target":["https:\/\/tiemtrachugacon.click\/?product=hong-tra-chanh-leo"]}]},{"@type":"ImageObject","inLanguage":"vi","@id":"https:\/\/tiemtrachugacon.click\/?product=hong-tra-chanh-leo#primaryimage","url":"https:\/\/tiemtrachugacon.click\/wp-content\/uploads\/2026\/01\/unnamed-3.jpg","contentUrl":"https:\/\/tiemtrachugacon.click\/wp-content\/uploads\/2026\/01\/unnamed-3.jpg","width":1024,"height":1024},{"@type":"BreadcrumbList","@id":"https:\/\/tiemtrachugacon.click\/?product=hong-tra-chanh-leo#breadcrumb","itemListElement":[{"@type":"ListItem","position":1,"name":"Home","item":"https:\/\/tiemtrachugacon.click\/"},{"@type":"ListItem","position":2,"name":"Sample Page","item":"https:\/\/tiemtrachugacon.click\/?page_id=2"},{"@type":"ListItem","position":3,"name":"H\u1ed2NG TR\u00c0 CHANH LEO"}]},{"@type":"WebSite","@id":"https:\/\/tiemtrachugacon.click\/#website","url":"https:\/\/tiemtrachugacon.click\/","name":"Ti\u1ec7m Tr\u00e0 Ch\u00fa g\u00e0 Con","description":"tr\u00e0 tr\u00e1i c\u00e2y","publisher":{"@id":"https:\/\/tiemtrachugacon.click\/#organization"},"potentialAction":[{"@type":"SearchAction","target":{"@type":"EntryPoint","urlTemplate":"https:\/\/tiemtrachugacon.click\/?s={search_term_string}"},"query-input":{"@type":"PropertyValueSpecification","valueRequired":true,"valueName":"search_term_string"}}],"inLanguage":"vi"},{"@type":"Organization","@id":"https:\/\/tiemtrachugacon.click\/#organization","name":"Ti\u1ec7m Tr\u00e0 Ch\u00fa g\u00e0 Con","url":"https:\/\/tiemtrachugacon.click\/","logo":{"@type":"ImageObject","inLanguage":"vi","@id":"https:\/\/tiemtrachugacon.click\/#\/schema\/logo\/image\/","url":"https:\/\/tiemtrachugacon.click\/wp-content\/uploads\/2026\/01\/image-3.png","contentUrl":"https:\/\/tiemtrachugacon.click\/wp-content\/uploads\/2026\/01\/image-3.png","width":626,"height":621,"caption":"Ti\u1ec7m Tr\u00e0 Ch\u00fa g\u00e0 Con"},"image":{"@id":"https:\/\/tiemtrachugacon.click\/#\/schema\/logo\/image\/"}}]}},"jetpack_sharing_enabled":true,"_links":{"self":[{"href":"https:\/\/tiemtrachugacon.click\/index.php?rest_route=\/wp\/v2\/product\/75","targetHints":{"allow":["GET"]}}],"collection":[{"href":"https:\/\/tiemtrachugacon.click\/index.php?rest_route=\/wp\/v2\/product"}],"about":[{"href":"https:\/\/tiemtrachugacon.click\/index.php?rest_route=\/wp\/v2\/types\/product"}],"replies":[{"embeddable":true,"href":"https:\/\/tiemtrachugacon.click\/index.php?rest_route=%2Fwp%2Fv2%2Fcomments&post=75"}],"wp:featuredmedia":[{"embeddable":true,"href":"https:\/\/tiemtrachugacon.click\/index.php?rest_route=\/wp\/v2\/media\/79"}],"wp:attachment":[{"href":"https:\/\/tiemtrachugacon.click\/index.php?rest_route=%2Fwp%2Fv2%2Fmedia&parent=75"}],"wp:term":[{"taxonomy":"product_brand","embeddable":true,"href":"https:\/\/tiemtrachugacon.click\/index.php?rest_route=%2Fwp%2Fv2%2Fproduct_brand&post=75"},{"taxonomy":"product_cat","embeddable":true,"href":"https:\/\/tiemtrachugacon.click\/index.php?rest_route=%2Fwp%2Fv2%2Fproduct_cat&post=75"},{"taxonomy":"product_tag","embeddable":true,"href":"https:\/\/tiemtrachugacon.click\/index.php?rest_route=%2Fwp%2Fv2%2Fproduct_tag&post=75"}],"curies":[{"name":"wp","href":"https:\/\/api.w.org\/{rel}","templated":true}]}}