{"id":125,"date":"2026-02-03T02:22:14","date_gmt":"2026-02-03T02:22:14","guid":{"rendered":"https:\/\/tiemtrachugacon.click\/?post_type=product&#038;p=125"},"modified":"2026-02-26T14:55:22","modified_gmt":"2026-02-26T14:55:22","slug":"tra-dau","status":"publish","type":"product","link":"https:\/\/tiemtrachugacon.click\/?product=tra-dau","title":{"rendered":"Tr\u00e0 d\u00e2u"},"content":{"rendered":"<h1 data-start=\"134\" data-end=\"192\">Tr\u00e0 D\u00e2u \u2013 Th\u1ee9c U\u1ed1ng Tr\u00e1i C\u00e2y T\u01b0\u01a1i M\u00e1t Ng\u1ecdt Thanh D\u1ec5 U\u1ed1ng<\/h1>\n<p data-start=\"194\" data-end=\"505\"><strong data-start=\"194\" data-end=\"205\">Tr\u00e0 d\u00e2u<\/strong> l\u00e0 s\u1ef1 k\u1ebft h\u1ee3p h\u00e0i h\u00f2a gi\u1eefa n\u1ec1n tr\u00e0 thanh nh\u1eb9 v\u00e0 d\u00e2u t\u01b0\u01a1i chua ng\u1ecdt t\u1ef1 nhi\u00ean, t\u1ea1o n\u00ean th\u1ee9c u\u1ed1ng m\u00e1t l\u1ea1nh, th\u01a1m d\u1ecbu v\u00e0 c\u1ef1c k\u1ef3 d\u1ec5 u\u1ed1ng. V\u1edbi h\u01b0\u01a1ng v\u1ecb tr\u00e1i c\u00e2y t\u01b0\u01a1i s\u00e1ng c\u00f9ng m\u00e0u s\u1eafc \u0111\u1ecf h\u1ed3ng b\u1eaft m\u1eaft, tr\u00e0 d\u00e2u kh\u00f4ng ch\u1ec9 gi\u1ea3i kh\u00e1t hi\u1ec7u qu\u1ea3 m\u00e0 c\u00f2n l\u00e0 l\u1ef1a ch\u1ecdn \u0111\u01b0\u1ee3c y\u00eau th\u00edch trong menu tr\u00e0 tr\u00e1i c\u00e2y hi\u1ec7n \u0111\u1ea1i.<\/p>\n<h2 data-start=\"507\" data-end=\"524\">Tr\u00e0 D\u00e2u L\u00e0 G\u00ec?<\/h2>\n<p data-start=\"526\" data-end=\"795\">Tr\u00e0 d\u00e2u l\u00e0 \u0111\u1ed3 u\u1ed1ng pha ch\u1ebf t\u1eeb <strong data-start=\"556\" data-end=\"598\">tr\u00e0 (th\u01b0\u1eddng l\u00e0 tr\u00e0 xanh ho\u1eb7c h\u1ed3ng tr\u00e0)<\/strong> k\u1ebft h\u1ee3p v\u1edbi <strong data-start=\"611\" data-end=\"636\">d\u00e2u t\u01b0\u01a1i ho\u1eb7c m\u1ee9t d\u00e2u<\/strong>, \u0111\u01b0\u1eddng v\u00e0 \u0111\u00e1 l\u1ea1nh. Th\u1ee9c u\u1ed1ng c\u00f3 v\u1ecb ng\u1ecdt thanh \u0111\u1eb7c tr\u01b0ng c\u1ee7a d\u00e2u ch\u00edn, c\u00e2n b\u1eb1ng v\u1edbi h\u1eadu tr\u00e0 nh\u1eb9 nh\u00e0ng, mang l\u1ea1i c\u1ea3m gi\u00e1c s\u1ea3ng kho\u00e1i v\u00e0 d\u1ec5 ch\u1ecbu khi th\u01b0\u1edfng th\u1ee9c.<\/p>\n<h2 data-start=\"797\" data-end=\"832\">H\u01b0\u01a1ng V\u1ecb Tr\u00e0 D\u00e2u C\u00f3 G\u00ec \u0110\u1eb7c Bi\u1ec7t?<\/h2>\n<p data-start=\"834\" data-end=\"885\">Tr\u00e0 d\u00e2u h\u1ea5p d\u1eabn b\u1edfi s\u1ef1 h\u00f2a quy\u1ec7n h\u01b0\u01a1ng v\u1ecb t\u1ef1 nhi\u00ean:<\/p>\n<ul data-start=\"887\" data-end=\"1052\">\n<li data-start=\"887\" data-end=\"934\">\n<p data-start=\"889\" data-end=\"934\">H\u01b0\u01a1ng d\u00e2u th\u01a1m ng\u1ecdt lan t\u1ecfa ngay khi m\u1edf n\u1eafp<\/p>\n<\/li>\n<li data-start=\"935\" data-end=\"982\">\n<p data-start=\"937\" data-end=\"982\">V\u1ecb chua nh\u1eb9 c\u1ee7a d\u00e2u t\u01b0\u01a1i k\u00edch th\u00edch v\u1ecb gi\u00e1c<\/p>\n<\/li>\n<li data-start=\"983\" data-end=\"1022\">\n<p data-start=\"985\" data-end=\"1022\">N\u1ec1n tr\u00e0 thanh gi\u00fap c\u00e2n b\u1eb1ng \u0111\u1ed9 ng\u1ecdt<\/p>\n<\/li>\n<li data-start=\"1023\" data-end=\"1052\">\n<p data-start=\"1025\" data-end=\"1052\">H\u1eadu v\u1ecb m\u00e1t d\u1ecbu, kh\u00f4ng g\u1eaft<\/p>\n<\/li>\n<\/ul>\n<p data-start=\"1054\" data-end=\"1147\">Nh\u1edd v\u1eady, tr\u00e0 d\u00e2u tr\u1edf th\u00e0nh th\u1ee9c u\u1ed1ng <strong data-start=\"1091\" data-end=\"1146\">ng\u1ecdt v\u1eeba, chua nh\u1eb9, d\u1ec5 u\u1ed1ng nhi\u1ec1u l\u1ea7n m\u00e0 kh\u00f4ng ng\u1ea5y<\/strong>.<\/p>\n<h2 data-start=\"1149\" data-end=\"1180\">L\u00fd Do Tr\u00e0 D\u00e2u \u0110\u01b0\u1ee3c Y\u00eau Th\u00edch<\/h2>\n<p data-start=\"1182\" data-end=\"1313\"><strong data-start=\"1182\" data-end=\"1224\">1. H\u01b0\u01a1ng v\u1ecb tr\u00e1i c\u00e2y t\u01b0\u01a1i m\u00e1t, d\u1ec5 u\u1ed1ng<\/strong><br data-start=\"1224\" data-end=\"1227\" \/>D\u00e2u l\u00e0 lo\u1ea1i qu\u1ea3 c\u00f3 v\u1ecb chua ng\u1ecdt h\u00e0i h\u00f2a, ph\u00f9 h\u1ee3p v\u1edbi nhi\u1ec1u kh\u1ea9u v\u1ecb, \u0111\u1eb7c bi\u1ec7t gi\u1edbi tr\u1ebb.<\/p>\n<p data-start=\"1315\" data-end=\"1425\"><strong data-start=\"1315\" data-end=\"1345\">2. Gi\u1ea3i kh\u00e1t v\u00e0 s\u1ea3ng kho\u00e1i<\/strong><br data-start=\"1345\" data-end=\"1348\" \/>Tr\u00e0 d\u00e2u u\u1ed1ng l\u1ea1nh gi\u00fap l\u00e0m d\u1ecbu c\u01a1 th\u1ec3, xua tan c\u1ea3m gi\u00e1c n\u00f3ng b\u1ee9c nhanh ch\u00f3ng.<\/p>\n<p data-start=\"1427\" data-end=\"1550\"><strong data-start=\"1427\" data-end=\"1454\">3. M\u00e0u s\u1eafc \u0111\u1eb9p, h\u1ea5p d\u1eabn<\/strong><br data-start=\"1454\" data-end=\"1457\" \/>S\u1eafc \u0111\u1ecf h\u1ed3ng t\u1ef1 nhi\u00ean c\u1ee7a d\u00e2u h\u00f2a c\u00f9ng tr\u00e0 t\u1ea1o n\u00ean ly n\u01b0\u1edbc t\u01b0\u01a1i s\u00e1ng, n\u1ed5i b\u1eadt v\u00e0 r\u1ea5t \u201c\u0103n \u1ea3nh\u201d.<\/p>\n<p data-start=\"1552\" data-end=\"1595\"><strong data-start=\"1552\" data-end=\"1593\">4. Ph\u00f9 h\u1ee3p nhi\u1ec1u th\u1eddi \u0111i\u1ec3m trong ng\u00e0y<\/strong><\/p>\n<ul data-start=\"1596\" data-end=\"1696\">\n<li data-start=\"1596\" data-end=\"1629\">\n<p data-start=\"1598\" data-end=\"1629\">Bu\u1ed5i s\u00e1ng: nh\u1eb9 nh\u00e0ng, d\u1ec5 u\u1ed1ng<\/p>\n<\/li>\n<li data-start=\"1630\" data-end=\"1655\">\n<p data-start=\"1632\" data-end=\"1655\">Bu\u1ed5i tr\u01b0a: gi\u1ea3i nhi\u1ec7t<\/p>\n<\/li>\n<li data-start=\"1656\" data-end=\"1696\">\n<p data-start=\"1658\" data-end=\"1696\">Bu\u1ed5i chi\u1ec1u: th\u01b0 gi\u00e3n, n\u1ea1p n\u0103ng l\u01b0\u1ee3ng<\/p>\n<\/li>\n<\/ul>\n<h2 data-start=\"1698\" data-end=\"1735\">C\u00e1ch Th\u01b0\u1edfng Th\u1ee9c Tr\u00e0 D\u00e2u Ngon Nh\u1ea5t<\/h2>\n<p data-start=\"1737\" data-end=\"1770\">\u0110\u1ec3 tr\u00e0 d\u00e2u \u0111\u1ea1t h\u01b0\u01a1ng v\u1ecb tr\u1ecdn v\u1eb9n:<\/p>\n<ul data-start=\"1772\" data-end=\"1928\">\n<li data-start=\"1772\" data-end=\"1797\">\n<p data-start=\"1774\" data-end=\"1797\">D\u00f9ng l\u1ea1nh v\u1edbi \u0111\u00e1 vi\u00ean<\/p>\n<\/li>\n<li data-start=\"1798\" data-end=\"1841\">\n<p data-start=\"1800\" data-end=\"1841\">Th\u00eam mi\u1ebfng d\u00e2u t\u01b0\u01a1i \u0111\u1ec3 t\u0103ng v\u1ecb t\u1ef1 nhi\u00ean<\/p>\n<\/li>\n<li data-start=\"1842\" data-end=\"1892\">\n<p data-start=\"1844\" data-end=\"1892\">L\u1eafc \u0111\u1ec1u tr\u01b0\u1edbc khi u\u1ed1ng \u0111\u1ec3 h\u00f2a quy\u1ec7n d\u00e2u v\u00e0 tr\u00e0<\/p>\n<\/li>\n<li data-start=\"1893\" data-end=\"1928\">\n<p data-start=\"1895\" data-end=\"1928\">\u0110i\u1ec1u ch\u1ec9nh \u0111\u1ed9 ng\u1ecdt theo kh\u1ea9u v\u1ecb<\/p>\n<\/li>\n<\/ul>\n<p data-start=\"1930\" data-end=\"2056\">Ng\u1ee5m tr\u00e0 d\u00e2u m\u00e1t l\u1ea1nh mang \u0111\u1ebfn c\u1ea3m gi\u00e1c v\u1eeba \u0111\u00e3 kh\u00e1t, v\u1eeba t\u01b0\u01a1i m\u1edbi \u2013 nh\u01b0 th\u01b0\u1edfng th\u1ee9c tr\u00e1i d\u00e2u ch\u00edn m\u1ecdng trong ly tr\u00e0 thanh m\u00e1t.<\/p>\n<h2 data-start=\"2058\" data-end=\"2085\"><a href=\"https:\/\/tiemtrachugacon.click\/\">V\u00ec Sao N\u00ean Ch\u1ecdn Tr\u00e0 D\u00e2u?<\/a><\/h2>\n<p data-start=\"2087\" data-end=\"2126\">Tr\u00e0 d\u00e2u l\u00e0 l\u1ef1a ch\u1ecdn l\u00fd t\u01b0\u1edfng cho ng\u01b0\u1eddi:<\/p>\n<ul data-start=\"2128\" data-end=\"2278\">\n<li data-start=\"2128\" data-end=\"2165\">\n<p data-start=\"2130\" data-end=\"2165\">Th\u00edch \u0111\u1ed3 u\u1ed1ng tr\u00e1i c\u00e2y ng\u1ecdt thanh<\/p>\n<\/li>\n<li data-start=\"2166\" data-end=\"2206\">\n<p data-start=\"2168\" data-end=\"2206\">Mu\u1ed1n th\u1ee9c u\u1ed1ng nh\u1eb9, d\u1ec5 u\u1ed1ng m\u1ed7i ng\u00e0y<\/p>\n<\/li>\n<li data-start=\"2207\" data-end=\"2239\">\n<p data-start=\"2209\" data-end=\"2239\">Y\u00eau th\u00edch h\u01b0\u01a1ng d\u00e2u t\u1ef1 nhi\u00ean<\/p>\n<\/li>\n<li data-start=\"2240\" data-end=\"2278\">\n<p data-start=\"2242\" data-end=\"2278\">T\u00ecm th\u1ee9c u\u1ed1ng m\u00e1t l\u1ea1nh, s\u1ea3ng kho\u00e1i<\/p>\n<\/li>\n<\/ul>\n<p data-start=\"2280\" data-end=\"2412\"><a href=\"https:\/\/maycha.com.vn\/product\/tra-dau\/\">\u0110\u00e2y c\u0169ng l\u00e0 m\u1ed9t trong nh\u1eefng m\u00f3n tr\u00e0 tr\u00e1i c\u00e2y ph\u1ed5 bi\u1ebfn trong menu qu\u00e1n tr\u00e0 s\u1eefa v\u00e0 c\u00e0 ph\u00ea nh\u1edd h\u01b0\u01a1ng v\u1ecb d\u1ec5 ti\u1ebfp c\u1eadn v\u00e0 m\u00e0u s\u1eafc h\u1ea5p d\u1eabn.<\/a><\/p>\n<hr data-start=\"2414\" data-end=\"2417\" \/>\n<p data-start=\"2419\" data-end=\"2504\"><strong data-start=\"2419\" data-end=\"2502\">Tr\u00e0 d\u00e2u \u2013 ng\u1ecdt thanh t\u1eeb tr\u00e1i ch\u00edn, th\u01a1m d\u1ecbu t\u1eeb tr\u00e0, m\u00e1t l\u1ea1nh lan t\u1ecfa t\u1eebng ng\u1ee5m.<\/strong><\/p>\n","protected":false},"excerpt":{"rendered":"<p class=\"query-text-line ng-star-inserted\"><em><strong>Tr\u00e0 \u0111en \u0111\u1eadm v\u1ecb h\u00f2a quy\u1ec7n c\u00f9ng m\u1ee9t d\u00e2u t\u00e2y th\u1ee7 c\u00f4ng v\u00e0 d\u00e2u t\u01b0\u01a1i \u0110\u00e0 L\u1ea1t, v\u1ecb chua ng\u1ecdt h\u00e0i h\u00f2a gi\u00fap k\u00edch th\u00edch v\u1ecb gi\u00e1c.<\/strong><\/em><\/p>\n","protected":false},"featured_media":100,"comment_status":"open","ping_status":"closed","template":"","meta":[],"product_brand":[],"product_cat":[17],"product_tag":[23],"class_list":{"0":"post-125","1":"product","2":"type-product","3":"status-publish","4":"has-post-thumbnail","6":"product_cat-tra-trai-cay","7":"product_tag-tradau","9":"first","10":"instock","11":"shipping-taxable","12":"purchasable","13":"product-type-simple"},"yoast_head":"<!-- This site is optimized with the Yoast SEO plugin v27.3 - https:\/\/yoast.com\/product\/yoast-seo-wordpress\/ -->\n<title>tr\u00e0 d\u00e2u l\u00e0m t\u1eeb d\u00e2u t\u01b0\u01a1i nguy\u00ean qu\u1ea3 , nguy\u00ean li\u1ec7u t\u01b0\u01a1i m\u00e1t , ng\u1ecdt v\u1ecb<\/title>\n<meta name=\"description\" content=\"Tr\u00e0 \u0111en \u0111\u1eadm v\u1ecb h\u00f2a quy\u1ec7n c\u00f9ng m\u1ee9t d\u00e2u t\u00e2y th\u1ee7 c\u00f4ng v\u00e0 d\u00e2u t\u01b0\u01a1i \u0110\u00e0 L\u1ea1t, v\u1ecb chua ng\u1ecdt h\u00e0i h\u00f2a gi\u00fap k\u00edch th\u00edch v\u1ecb gi\u00e1c. tr\u00e1i c\u00e2y \u0111\u01b0\u1ee3c l\u00e0m m\u1edbi m\u1ed7i ng\u00e0y , t\u1ef1 nhn\" \/>\n<meta name=\"robots\" content=\"index, follow, max-snippet:-1, max-image-preview:large, max-video-preview:-1\" \/>\n<link rel=\"canonical\" href=\"https:\/\/tiemtrachugacon.click\/?product=tra-dau\" \/>\n<meta property=\"og:locale\" content=\"vi_VN\" \/>\n<meta property=\"og:type\" content=\"article\" \/>\n<meta property=\"og:title\" content=\"tr\u00e0 d\u00e2u l\u00e0m t\u1eeb d\u00e2u t\u01b0\u01a1i nguy\u00ean qu\u1ea3 , nguy\u00ean li\u1ec7u t\u01b0\u01a1i m\u00e1t , ng\u1ecdt v\u1ecb\" \/>\n<meta property=\"og:description\" content=\"Tr\u00e0 \u0111en \u0111\u1eadm v\u1ecb h\u00f2a quy\u1ec7n c\u00f9ng m\u1ee9t d\u00e2u t\u00e2y th\u1ee7 c\u00f4ng v\u00e0 d\u00e2u t\u01b0\u01a1i \u0110\u00e0 L\u1ea1t, v\u1ecb chua ng\u1ecdt h\u00e0i h\u00f2a gi\u00fap k\u00edch th\u00edch v\u1ecb gi\u00e1c. tr\u00e1i c\u00e2y \u0111\u01b0\u1ee3c l\u00e0m m\u1edbi m\u1ed7i ng\u00e0y , t\u1ef1 nhn\" \/>\n<meta property=\"og:url\" content=\"https:\/\/tiemtrachugacon.click\/?product=tra-dau\" \/>\n<meta property=\"og:site_name\" content=\"Ti\u1ec7m Tr\u00e0 Ch\u00fa g\u00e0 Con\" \/>\n<meta property=\"article:modified_time\" content=\"2026-02-26T14:55:22+00:00\" \/>\n<meta property=\"og:image\" content=\"https:\/\/tiemtrachugacon.click\/wp-content\/uploads\/2026\/01\/unnamed-1.jpg\" \/>\n\t<meta property=\"og:image:width\" content=\"1024\" \/>\n\t<meta property=\"og:image:height\" content=\"1024\" \/>\n\t<meta property=\"og:image:type\" content=\"image\/jpeg\" \/>\n<meta name=\"twitter:card\" content=\"summary_large_image\" \/>\n<meta name=\"twitter:label1\" content=\"\u01af\u1edbc t\u00ednh th\u1eddi gian \u0111\u1ecdc\" \/>\n\t<meta name=\"twitter:data1\" content=\"3 ph\u00fat\" \/>\n<script type=\"application\/ld+json\" class=\"yoast-schema-graph\">{\"@context\":\"https:\\\/\\\/schema.org\",\"@graph\":[{\"@type\":\"WebPage\",\"@id\":\"https:\\\/\\\/tiemtrachugacon.click\\\/?product=tra-dau\",\"url\":\"https:\\\/\\\/tiemtrachugacon.click\\\/?product=tra-dau\",\"name\":\"tr\u00e0 d\u00e2u l\u00e0m t\u1eeb d\u00e2u t\u01b0\u01a1i nguy\u00ean qu\u1ea3 , nguy\u00ean li\u1ec7u t\u01b0\u01a1i m\u00e1t , ng\u1ecdt v\u1ecb\",\"isPartOf\":{\"@id\":\"https:\\\/\\\/tiemtrachugacon.click\\\/#website\"},\"primaryImageOfPage\":{\"@id\":\"https:\\\/\\\/tiemtrachugacon.click\\\/?product=tra-dau#primaryimage\"},\"image\":{\"@id\":\"https:\\\/\\\/tiemtrachugacon.click\\\/?product=tra-dau#primaryimage\"},\"thumbnailUrl\":\"https:\\\/\\\/tiemtrachugacon.click\\\/wp-content\\\/uploads\\\/2026\\\/01\\\/unnamed-1.jpg\",\"datePublished\":\"2026-02-03T02:22:14+00:00\",\"dateModified\":\"2026-02-26T14:55:22+00:00\",\"description\":\"Tr\u00e0 \u0111en \u0111\u1eadm v\u1ecb h\u00f2a quy\u1ec7n c\u00f9ng m\u1ee9t d\u00e2u t\u00e2y th\u1ee7 c\u00f4ng v\u00e0 d\u00e2u t\u01b0\u01a1i \u0110\u00e0 L\u1ea1t, v\u1ecb chua ng\u1ecdt h\u00e0i h\u00f2a gi\u00fap k\u00edch th\u00edch v\u1ecb gi\u00e1c. tr\u00e1i c\u00e2y \u0111\u01b0\u1ee3c l\u00e0m m\u1edbi m\u1ed7i ng\u00e0y , t\u1ef1 nhn\",\"breadcrumb\":{\"@id\":\"https:\\\/\\\/tiemtrachugacon.click\\\/?product=tra-dau#breadcrumb\"},\"inLanguage\":\"vi\",\"potentialAction\":[{\"@type\":\"ReadAction\",\"target\":[\"https:\\\/\\\/tiemtrachugacon.click\\\/?product=tra-dau\"]}]},{\"@type\":\"ImageObject\",\"inLanguage\":\"vi\",\"@id\":\"https:\\\/\\\/tiemtrachugacon.click\\\/?product=tra-dau#primaryimage\",\"url\":\"https:\\\/\\\/tiemtrachugacon.click\\\/wp-content\\\/uploads\\\/2026\\\/01\\\/unnamed-1.jpg\",\"contentUrl\":\"https:\\\/\\\/tiemtrachugacon.click\\\/wp-content\\\/uploads\\\/2026\\\/01\\\/unnamed-1.jpg\",\"width\":1024,\"height\":1024},{\"@type\":\"BreadcrumbList\",\"@id\":\"https:\\\/\\\/tiemtrachugacon.click\\\/?product=tra-dau#breadcrumb\",\"itemListElement\":[{\"@type\":\"ListItem\",\"position\":1,\"name\":\"Home\",\"item\":\"https:\\\/\\\/tiemtrachugacon.click\\\/\"},{\"@type\":\"ListItem\",\"position\":2,\"name\":\"Sample Page\",\"item\":\"https:\\\/\\\/tiemtrachugacon.click\\\/?page_id=2\"},{\"@type\":\"ListItem\",\"position\":3,\"name\":\"Tr\u00e0 d\u00e2u\"}]},{\"@type\":\"WebSite\",\"@id\":\"https:\\\/\\\/tiemtrachugacon.click\\\/#website\",\"url\":\"https:\\\/\\\/tiemtrachugacon.click\\\/\",\"name\":\"Ti\u1ec7m Tr\u00e0 Ch\u00fa g\u00e0 Con\",\"description\":\"tr\u00e0 tr\u00e1i c\u00e2y\",\"publisher\":{\"@id\":\"https:\\\/\\\/tiemtrachugacon.click\\\/#organization\"},\"potentialAction\":[{\"@type\":\"SearchAction\",\"target\":{\"@type\":\"EntryPoint\",\"urlTemplate\":\"https:\\\/\\\/tiemtrachugacon.click\\\/?s={search_term_string}\"},\"query-input\":{\"@type\":\"PropertyValueSpecification\",\"valueRequired\":true,\"valueName\":\"search_term_string\"}}],\"inLanguage\":\"vi\"},{\"@type\":\"Organization\",\"@id\":\"https:\\\/\\\/tiemtrachugacon.click\\\/#organization\",\"name\":\"Ti\u1ec7m Tr\u00e0 Ch\u00fa g\u00e0 Con\",\"url\":\"https:\\\/\\\/tiemtrachugacon.click\\\/\",\"logo\":{\"@type\":\"ImageObject\",\"inLanguage\":\"vi\",\"@id\":\"https:\\\/\\\/tiemtrachugacon.click\\\/#\\\/schema\\\/logo\\\/image\\\/\",\"url\":\"https:\\\/\\\/tiemtrachugacon.click\\\/wp-content\\\/uploads\\\/2026\\\/01\\\/image-3.png\",\"contentUrl\":\"https:\\\/\\\/tiemtrachugacon.click\\\/wp-content\\\/uploads\\\/2026\\\/01\\\/image-3.png\",\"width\":626,\"height\":621,\"caption\":\"Ti\u1ec7m Tr\u00e0 Ch\u00fa g\u00e0 Con\"},\"image\":{\"@id\":\"https:\\\/\\\/tiemtrachugacon.click\\\/#\\\/schema\\\/logo\\\/image\\\/\"}}]}<\/script>\n<!-- \/ Yoast SEO plugin. -->","yoast_head_json":{"title":"tr\u00e0 d\u00e2u l\u00e0m t\u1eeb d\u00e2u t\u01b0\u01a1i nguy\u00ean qu\u1ea3 , nguy\u00ean li\u1ec7u t\u01b0\u01a1i m\u00e1t , ng\u1ecdt v\u1ecb","description":"Tr\u00e0 \u0111en \u0111\u1eadm v\u1ecb h\u00f2a quy\u1ec7n c\u00f9ng m\u1ee9t d\u00e2u t\u00e2y th\u1ee7 c\u00f4ng v\u00e0 d\u00e2u t\u01b0\u01a1i \u0110\u00e0 L\u1ea1t, v\u1ecb chua ng\u1ecdt h\u00e0i h\u00f2a gi\u00fap k\u00edch th\u00edch v\u1ecb gi\u00e1c. tr\u00e1i c\u00e2y \u0111\u01b0\u1ee3c l\u00e0m m\u1edbi m\u1ed7i ng\u00e0y , t\u1ef1 nhn","robots":{"index":"index","follow":"follow","max-snippet":"max-snippet:-1","max-image-preview":"max-image-preview:large","max-video-preview":"max-video-preview:-1"},"canonical":"https:\/\/tiemtrachugacon.click\/?product=tra-dau","og_locale":"vi_VN","og_type":"article","og_title":"tr\u00e0 d\u00e2u l\u00e0m t\u1eeb d\u00e2u t\u01b0\u01a1i nguy\u00ean qu\u1ea3 , nguy\u00ean li\u1ec7u t\u01b0\u01a1i m\u00e1t , ng\u1ecdt v\u1ecb","og_description":"Tr\u00e0 \u0111en \u0111\u1eadm v\u1ecb h\u00f2a quy\u1ec7n c\u00f9ng m\u1ee9t d\u00e2u t\u00e2y th\u1ee7 c\u00f4ng v\u00e0 d\u00e2u t\u01b0\u01a1i \u0110\u00e0 L\u1ea1t, v\u1ecb chua ng\u1ecdt h\u00e0i h\u00f2a gi\u00fap k\u00edch th\u00edch v\u1ecb gi\u00e1c. tr\u00e1i c\u00e2y \u0111\u01b0\u1ee3c l\u00e0m m\u1edbi m\u1ed7i ng\u00e0y , t\u1ef1 nhn","og_url":"https:\/\/tiemtrachugacon.click\/?product=tra-dau","og_site_name":"Ti\u1ec7m Tr\u00e0 Ch\u00fa g\u00e0 Con","article_modified_time":"2026-02-26T14:55:22+00:00","og_image":[{"width":1024,"height":1024,"url":"https:\/\/tiemtrachugacon.click\/wp-content\/uploads\/2026\/01\/unnamed-1.jpg","type":"image\/jpeg"}],"twitter_card":"summary_large_image","twitter_misc":{"\u01af\u1edbc t\u00ednh th\u1eddi gian \u0111\u1ecdc":"3 ph\u00fat"},"schema":{"@context":"https:\/\/schema.org","@graph":[{"@type":"WebPage","@id":"https:\/\/tiemtrachugacon.click\/?product=tra-dau","url":"https:\/\/tiemtrachugacon.click\/?product=tra-dau","name":"tr\u00e0 d\u00e2u l\u00e0m t\u1eeb d\u00e2u t\u01b0\u01a1i nguy\u00ean qu\u1ea3 , nguy\u00ean li\u1ec7u t\u01b0\u01a1i m\u00e1t , ng\u1ecdt v\u1ecb","isPartOf":{"@id":"https:\/\/tiemtrachugacon.click\/#website"},"primaryImageOfPage":{"@id":"https:\/\/tiemtrachugacon.click\/?product=tra-dau#primaryimage"},"image":{"@id":"https:\/\/tiemtrachugacon.click\/?product=tra-dau#primaryimage"},"thumbnailUrl":"https:\/\/tiemtrachugacon.click\/wp-content\/uploads\/2026\/01\/unnamed-1.jpg","datePublished":"2026-02-03T02:22:14+00:00","dateModified":"2026-02-26T14:55:22+00:00","description":"Tr\u00e0 \u0111en \u0111\u1eadm v\u1ecb h\u00f2a quy\u1ec7n c\u00f9ng m\u1ee9t d\u00e2u t\u00e2y th\u1ee7 c\u00f4ng v\u00e0 d\u00e2u t\u01b0\u01a1i \u0110\u00e0 L\u1ea1t, v\u1ecb chua ng\u1ecdt h\u00e0i h\u00f2a gi\u00fap k\u00edch th\u00edch v\u1ecb gi\u00e1c. tr\u00e1i c\u00e2y \u0111\u01b0\u1ee3c l\u00e0m m\u1edbi m\u1ed7i ng\u00e0y , t\u1ef1 nhn","breadcrumb":{"@id":"https:\/\/tiemtrachugacon.click\/?product=tra-dau#breadcrumb"},"inLanguage":"vi","potentialAction":[{"@type":"ReadAction","target":["https:\/\/tiemtrachugacon.click\/?product=tra-dau"]}]},{"@type":"ImageObject","inLanguage":"vi","@id":"https:\/\/tiemtrachugacon.click\/?product=tra-dau#primaryimage","url":"https:\/\/tiemtrachugacon.click\/wp-content\/uploads\/2026\/01\/unnamed-1.jpg","contentUrl":"https:\/\/tiemtrachugacon.click\/wp-content\/uploads\/2026\/01\/unnamed-1.jpg","width":1024,"height":1024},{"@type":"BreadcrumbList","@id":"https:\/\/tiemtrachugacon.click\/?product=tra-dau#breadcrumb","itemListElement":[{"@type":"ListItem","position":1,"name":"Home","item":"https:\/\/tiemtrachugacon.click\/"},{"@type":"ListItem","position":2,"name":"Sample Page","item":"https:\/\/tiemtrachugacon.click\/?page_id=2"},{"@type":"ListItem","position":3,"name":"Tr\u00e0 d\u00e2u"}]},{"@type":"WebSite","@id":"https:\/\/tiemtrachugacon.click\/#website","url":"https:\/\/tiemtrachugacon.click\/","name":"Ti\u1ec7m Tr\u00e0 Ch\u00fa g\u00e0 Con","description":"tr\u00e0 tr\u00e1i c\u00e2y","publisher":{"@id":"https:\/\/tiemtrachugacon.click\/#organization"},"potentialAction":[{"@type":"SearchAction","target":{"@type":"EntryPoint","urlTemplate":"https:\/\/tiemtrachugacon.click\/?s={search_term_string}"},"query-input":{"@type":"PropertyValueSpecification","valueRequired":true,"valueName":"search_term_string"}}],"inLanguage":"vi"},{"@type":"Organization","@id":"https:\/\/tiemtrachugacon.click\/#organization","name":"Ti\u1ec7m Tr\u00e0 Ch\u00fa g\u00e0 Con","url":"https:\/\/tiemtrachugacon.click\/","logo":{"@type":"ImageObject","inLanguage":"vi","@id":"https:\/\/tiemtrachugacon.click\/#\/schema\/logo\/image\/","url":"https:\/\/tiemtrachugacon.click\/wp-content\/uploads\/2026\/01\/image-3.png","contentUrl":"https:\/\/tiemtrachugacon.click\/wp-content\/uploads\/2026\/01\/image-3.png","width":626,"height":621,"caption":"Ti\u1ec7m Tr\u00e0 Ch\u00fa g\u00e0 Con"},"image":{"@id":"https:\/\/tiemtrachugacon.click\/#\/schema\/logo\/image\/"}}]}},"jetpack_sharing_enabled":true,"_links":{"self":[{"href":"https:\/\/tiemtrachugacon.click\/index.php?rest_route=\/wp\/v2\/product\/125","targetHints":{"allow":["GET"]}}],"collection":[{"href":"https:\/\/tiemtrachugacon.click\/index.php?rest_route=\/wp\/v2\/product"}],"about":[{"href":"https:\/\/tiemtrachugacon.click\/index.php?rest_route=\/wp\/v2\/types\/product"}],"replies":[{"embeddable":true,"href":"https:\/\/tiemtrachugacon.click\/index.php?rest_route=%2Fwp%2Fv2%2Fcomments&post=125"}],"wp:featuredmedia":[{"embeddable":true,"href":"https:\/\/tiemtrachugacon.click\/index.php?rest_route=\/wp\/v2\/media\/100"}],"wp:attachment":[{"href":"https:\/\/tiemtrachugacon.click\/index.php?rest_route=%2Fwp%2Fv2%2Fmedia&parent=125"}],"wp:term":[{"taxonomy":"product_brand","embeddable":true,"href":"https:\/\/tiemtrachugacon.click\/index.php?rest_route=%2Fwp%2Fv2%2Fproduct_brand&post=125"},{"taxonomy":"product_cat","embeddable":true,"href":"https:\/\/tiemtrachugacon.click\/index.php?rest_route=%2Fwp%2Fv2%2Fproduct_cat&post=125"},{"taxonomy":"product_tag","embeddable":true,"href":"https:\/\/tiemtrachugacon.click\/index.php?rest_route=%2Fwp%2Fv2%2Fproduct_tag&post=125"}],"curies":[{"name":"wp","href":"https:\/\/api.w.org\/{rel}","templated":true}]}}