{"id":23,"date":"2026-01-22T01:16:16","date_gmt":"2026-01-22T01:16:16","guid":{"rendered":"https:\/\/tiemtrachugacon.click\/?page_id=23"},"modified":"2026-01-22T01:16:16","modified_gmt":"2026-01-22T01:16:16","slug":"tai-khoan","status":"publish","type":"page","link":"https:\/\/tiemtrachugacon.click\/?page_id=23","title":{"rendered":"T\u00e0i kho\u1ea3n"},"content":{"rendered":"<div class=\"woocommerce\"><div class=\"woocommerce-notices-wrapper\"><\/div>\n\n\t\t<h2>\u0110\u0103ng nh\u1eadp<\/h2>\n\n\t\t<form class=\"woocommerce-form woocommerce-form-login login\" method=\"post\" novalidate>\n\n\t\t\t\n\t\t\t<p class=\"woocommerce-form-row woocommerce-form-row--wide form-row form-row-wide\">\n\t\t\t\t<label for=\"username\">T\u00ean t\u00e0i kho\u1ea3n ho\u1eb7c \u0111\u1ecba ch\u1ec9 email&nbsp;<span class=\"required\" aria-hidden=\"true\">*<\/span><span class=\"screen-reader-text\">B\u1eaft bu\u1ed9c<\/span><\/label>\n\t\t\t\t<input type=\"text\" class=\"woocommerce-Input woocommerce-Input--text input-text\" name=\"username\" id=\"username\" autocomplete=\"username\" value=\"\" required aria-required=\"true\" \/>\t\t\t<\/p>\n\t\t\t<p class=\"woocommerce-form-row woocommerce-form-row--wide form-row form-row-wide\">\n\t\t\t\t<label for=\"password\">M\u1eadt kh\u1ea9u&nbsp;<span class=\"required\" aria-hidden=\"true\">*<\/span><span class=\"screen-reader-text\">B\u1eaft bu\u1ed9c<\/span><\/label>\n\t\t\t\t<input class=\"woocommerce-Input woocommerce-Input--text input-text\" type=\"password\" name=\"password\" id=\"password\" autocomplete=\"current-password\" required aria-required=\"true\" \/>\n\t\t\t<\/p>\n\n\t\t\t\n\t\t\t<p class=\"form-row\">\n\t\t\t\t<label class=\"woocommerce-form__label woocommerce-form__label-for-checkbox woocommerce-form-login__rememberme\">\n\t\t\t\t\t<input class=\"woocommerce-form__input woocommerce-form__input-checkbox\" name=\"rememberme\" type=\"checkbox\" id=\"rememberme\" value=\"forever\" \/> <span>Ghi nh\u1edb m\u1eadt kh\u1ea9u<\/span>\n\t\t\t\t<\/label>\n\t\t\t\t<input type=\"hidden\" id=\"woocommerce-login-nonce\" name=\"woocommerce-login-nonce\" value=\"8b8ac3a527\" \/><input type=\"hidden\" name=\"_wp_http_referer\" value=\"\/index.php?rest_route=%2Fwp%2Fv2%2Fpages%2F23\" \/>\t\t\t\t<button type=\"submit\" class=\"woocommerce-button button woocommerce-form-login__submit wp-element-button\" name=\"login\" value=\"\u0110\u0103ng nh\u1eadp\">\u0110\u0103ng nh\u1eadp<\/button>\n\t\t\t<\/p>\n\t\t\t<p class=\"woocommerce-LostPassword lost_password\">\n\t\t\t\t<a href=\"https:\/\/tiemtrachugacon.click\/?page_id=23&#038;lost-password\">Qu\u00ean m\u1eadt kh\u1ea9u?<\/a>\n\t\t\t<\/p>\n\n\t\t\t\n\t\t<\/form>\n\n\n<\/div>\n","protected":false},"excerpt":{"rendered":"","protected":false},"author":1,"featured_media":0,"parent":0,"menu_order":0,"comment_status":"closed","ping_status":"closed","template":"","meta":{"footnotes":""},"class_list":["post-23","page","type-page","status-publish","hentry"],"yoast_head":"<!-- This site is optimized with the Yoast SEO plugin v27.3 - https:\/\/yoast.com\/product\/yoast-seo-wordpress\/ -->\n<title>T\u00e0i kho\u1ea3n - Ti\u1ec7m Tr\u00e0 Ch\u00fa g\u00e0 Con<\/title>\n<meta name=\"robots\" content=\"index, follow, max-snippet:-1, max-image-preview:large, max-video-preview:-1\" \/>\n<link rel=\"canonical\" href=\"https:\/\/tiemtrachugacon.click\/?page_id=23\" \/>\n<meta property=\"og:locale\" content=\"vi_VN\" \/>\n<meta property=\"og:type\" content=\"article\" \/>\n<meta property=\"og:title\" content=\"T\u00e0i kho\u1ea3n - Ti\u1ec7m Tr\u00e0 Ch\u00fa g\u00e0 Con\" \/>\n<meta property=\"og:url\" content=\"https:\/\/tiemtrachugacon.click\/?page_id=23\" \/>\n<meta property=\"og:site_name\" content=\"Ti\u1ec7m Tr\u00e0 Ch\u00fa g\u00e0 Con\" \/>\n<meta name=\"twitter:card\" content=\"summary_large_image\" \/>\n<script type=\"application\/ld+json\" class=\"yoast-schema-graph\">{\"@context\":\"https:\\\/\\\/schema.org\",\"@graph\":[{\"@type\":\"WebPage\",\"@id\":\"https:\\\/\\\/tiemtrachugacon.click\\\/?page_id=23\",\"url\":\"https:\\\/\\\/tiemtrachugacon.click\\\/?page_id=23\",\"name\":\"T\u00e0i kho\u1ea3n - Ti\u1ec7m Tr\u00e0 Ch\u00fa g\u00e0 Con\",\"isPartOf\":{\"@id\":\"https:\\\/\\\/tiemtrachugacon.click\\\/#website\"},\"datePublished\":\"2026-01-22T01:16:16+00:00\",\"breadcrumb\":{\"@id\":\"https:\\\/\\\/tiemtrachugacon.click\\\/?page_id=23#breadcrumb\"},\"inLanguage\":\"vi\",\"potentialAction\":[{\"@type\":\"ReadAction\",\"target\":[\"https:\\\/\\\/tiemtrachugacon.click\\\/?page_id=23\"]}]},{\"@type\":\"BreadcrumbList\",\"@id\":\"https:\\\/\\\/tiemtrachugacon.click\\\/?page_id=23#breadcrumb\",\"itemListElement\":[{\"@type\":\"ListItem\",\"position\":1,\"name\":\"Home\",\"item\":\"https:\\\/\\\/tiemtrachugacon.click\\\/\"},{\"@type\":\"ListItem\",\"position\":2,\"name\":\"T\u00e0i kho\u1ea3n\"}]},{\"@type\":\"WebSite\",\"@id\":\"https:\\\/\\\/tiemtrachugacon.click\\\/#website\",\"url\":\"https:\\\/\\\/tiemtrachugacon.click\\\/\",\"name\":\"Ti\u1ec7m Tr\u00e0 Ch\u00fa g\u00e0 Con\",\"description\":\"tr\u00e0 tr\u00e1i c\u00e2y\",\"publisher\":{\"@id\":\"https:\\\/\\\/tiemtrachugacon.click\\\/#organization\"},\"potentialAction\":[{\"@type\":\"SearchAction\",\"target\":{\"@type\":\"EntryPoint\",\"urlTemplate\":\"https:\\\/\\\/tiemtrachugacon.click\\\/?s={search_term_string}\"},\"query-input\":{\"@type\":\"PropertyValueSpecification\",\"valueRequired\":true,\"valueName\":\"search_term_string\"}}],\"inLanguage\":\"vi\"},{\"@type\":\"Organization\",\"@id\":\"https:\\\/\\\/tiemtrachugacon.click\\\/#organization\",\"name\":\"Ti\u1ec7m Tr\u00e0 Ch\u00fa g\u00e0 Con\",\"url\":\"https:\\\/\\\/tiemtrachugacon.click\\\/\",\"logo\":{\"@type\":\"ImageObject\",\"inLanguage\":\"vi\",\"@id\":\"https:\\\/\\\/tiemtrachugacon.click\\\/#\\\/schema\\\/logo\\\/image\\\/\",\"url\":\"https:\\\/\\\/tiemtrachugacon.click\\\/wp-content\\\/uploads\\\/2026\\\/01\\\/image-3.png\",\"contentUrl\":\"https:\\\/\\\/tiemtrachugacon.click\\\/wp-content\\\/uploads\\\/2026\\\/01\\\/image-3.png\",\"width\":626,\"height\":621,\"caption\":\"Ti\u1ec7m Tr\u00e0 Ch\u00fa g\u00e0 Con\"},\"image\":{\"@id\":\"https:\\\/\\\/tiemtrachugacon.click\\\/#\\\/schema\\\/logo\\\/image\\\/\"}}]}<\/script>\n<!-- \/ Yoast SEO plugin. -->","yoast_head_json":{"title":"T\u00e0i kho\u1ea3n - Ti\u1ec7m Tr\u00e0 Ch\u00fa g\u00e0 Con","robots":{"index":"index","follow":"follow","max-snippet":"max-snippet:-1","max-image-preview":"max-image-preview:large","max-video-preview":"max-video-preview:-1"},"canonical":"https:\/\/tiemtrachugacon.click\/?page_id=23","og_locale":"vi_VN","og_type":"article","og_title":"T\u00e0i kho\u1ea3n - Ti\u1ec7m Tr\u00e0 Ch\u00fa g\u00e0 Con","og_url":"https:\/\/tiemtrachugacon.click\/?page_id=23","og_site_name":"Ti\u1ec7m Tr\u00e0 Ch\u00fa g\u00e0 Con","twitter_card":"summary_large_image","schema":{"@context":"https:\/\/schema.org","@graph":[{"@type":"WebPage","@id":"https:\/\/tiemtrachugacon.click\/?page_id=23","url":"https:\/\/tiemtrachugacon.click\/?page_id=23","name":"T\u00e0i kho\u1ea3n - Ti\u1ec7m Tr\u00e0 Ch\u00fa g\u00e0 Con","isPartOf":{"@id":"https:\/\/tiemtrachugacon.click\/#website"},"datePublished":"2026-01-22T01:16:16+00:00","breadcrumb":{"@id":"https:\/\/tiemtrachugacon.click\/?page_id=23#breadcrumb"},"inLanguage":"vi","potentialAction":[{"@type":"ReadAction","target":["https:\/\/tiemtrachugacon.click\/?page_id=23"]}]},{"@type":"BreadcrumbList","@id":"https:\/\/tiemtrachugacon.click\/?page_id=23#breadcrumb","itemListElement":[{"@type":"ListItem","position":1,"name":"Home","item":"https:\/\/tiemtrachugacon.click\/"},{"@type":"ListItem","position":2,"name":"T\u00e0i kho\u1ea3n"}]},{"@type":"WebSite","@id":"https:\/\/tiemtrachugacon.click\/#website","url":"https:\/\/tiemtrachugacon.click\/","name":"Ti\u1ec7m Tr\u00e0 Ch\u00fa g\u00e0 Con","description":"tr\u00e0 tr\u00e1i c\u00e2y","publisher":{"@id":"https:\/\/tiemtrachugacon.click\/#organization"},"potentialAction":[{"@type":"SearchAction","target":{"@type":"EntryPoint","urlTemplate":"https:\/\/tiemtrachugacon.click\/?s={search_term_string}"},"query-input":{"@type":"PropertyValueSpecification","valueRequired":true,"valueName":"search_term_string"}}],"inLanguage":"vi"},{"@type":"Organization","@id":"https:\/\/tiemtrachugacon.click\/#organization","name":"Ti\u1ec7m Tr\u00e0 Ch\u00fa g\u00e0 Con","url":"https:\/\/tiemtrachugacon.click\/","logo":{"@type":"ImageObject","inLanguage":"vi","@id":"https:\/\/tiemtrachugacon.click\/#\/schema\/logo\/image\/","url":"https:\/\/tiemtrachugacon.click\/wp-content\/uploads\/2026\/01\/image-3.png","contentUrl":"https:\/\/tiemtrachugacon.click\/wp-content\/uploads\/2026\/01\/image-3.png","width":626,"height":621,"caption":"Ti\u1ec7m Tr\u00e0 Ch\u00fa g\u00e0 Con"},"image":{"@id":"https:\/\/tiemtrachugacon.click\/#\/schema\/logo\/image\/"}}]}},"jetpack_sharing_enabled":true,"_links":{"self":[{"href":"https:\/\/tiemtrachugacon.click\/index.php?rest_route=\/wp\/v2\/pages\/23","targetHints":{"allow":["GET"]}}],"collection":[{"href":"https:\/\/tiemtrachugacon.click\/index.php?rest_route=\/wp\/v2\/pages"}],"about":[{"href":"https:\/\/tiemtrachugacon.click\/index.php?rest_route=\/wp\/v2\/types\/page"}],"author":[{"embeddable":true,"href":"https:\/\/tiemtrachugacon.click\/index.php?rest_route=\/wp\/v2\/users\/1"}],"replies":[{"embeddable":true,"href":"https:\/\/tiemtrachugacon.click\/index.php?rest_route=%2Fwp%2Fv2%2Fcomments&post=23"}],"version-history":[{"count":0,"href":"https:\/\/tiemtrachugacon.click\/index.php?rest_route=\/wp\/v2\/pages\/23\/revisions"}],"wp:attachment":[{"href":"https:\/\/tiemtrachugacon.click\/index.php?rest_route=%2Fwp%2Fv2%2Fmedia&parent=23"}],"curies":[{"name":"wp","href":"https:\/\/api.w.org\/{rel}","templated":true}]}}